{"id":61,"date":"2022-08-11T16:32:47","date_gmt":"2022-08-11T16:32:47","guid":{"rendered":"https:\/\/www.bombowls.com.br\/site\/?page_id=61"},"modified":"2024-03-19T15:28:10","modified_gmt":"2024-03-19T15:28:10","slug":"elementor-61","status":"publish","type":"page","link":"https:\/\/www.bombowls.com.br\/site\/","title":{"rendered":"Elementor #61"},"content":{"rendered":"\t\t<div data-elementor-type=\"wp-page\" data-elementor-id=\"61\" class=\"elementor elementor-61\" data-elementor-post-type=\"page\">\n\t\t\t\t\t\t<section class=\"elementor-section elementor-top-section elementor-element elementor-element-3d14f1e elementor-section-full_width elementor-section-height-min-height elementor-section-items-stretch elementor-section-height-default\" data-id=\"3d14f1e\" data-element_type=\"section\" data-settings=\"{&quot;background_background&quot;:&quot;slideshow&quot;,&quot;background_slideshow_gallery&quot;:[{&quot;id&quot;:668,&quot;url&quot;:&quot;https:\\\/\\\/www.bombowls.com.br\\\/site\\\/wp-content\\\/uploads\\\/2023\\\/12\\\/salada01-scaled.jpg&quot;},{&quot;id&quot;:663,&quot;url&quot;:&quot;https:\\\/\\\/www.bombowls.com.br\\\/site\\\/wp-content\\\/uploads\\\/2023\\\/12\\\/bowl02-scaled.jpg&quot;},{&quot;id&quot;:666,&quot;url&quot;:&quot;https:\\\/\\\/www.bombowls.com.br\\\/site\\\/wp-content\\\/uploads\\\/2023\\\/12\\\/poke-01-scaled.jpg&quot;},{&quot;id&quot;:667,&quot;url&quot;:&quot;https:\\\/\\\/www.bombowls.com.br\\\/site\\\/wp-content\\\/uploads\\\/2023\\\/12\\\/salada02-scaled.jpg&quot;},{&quot;id&quot;:664,&quot;url&quot;:&quot;https:\\\/\\\/www.bombowls.com.br\\\/site\\\/wp-content\\\/uploads\\\/2023\\\/12\\\/bowl01-scaled.jpg&quot;},{&quot;id&quot;:665,&quot;url&quot;:&quot;https:\\\/\\\/www.bombowls.com.br\\\/site\\\/wp-content\\\/uploads\\\/2023\\\/12\\\/poke02-scaled.jpg&quot;}],&quot;background_slideshow_slide_duration&quot;:1500,&quot;background_slideshow_transition_duration&quot;:5000,&quot;background_slideshow_loop&quot;:&quot;yes&quot;,&quot;background_slideshow_slide_transition&quot;:&quot;fade&quot;}\">\n\t\t\t\t\t\t<div class=\"elementor-container elementor-column-gap-default\">\n\t\t\t\t\t<div class=\"elementor-column elementor-col-100 elementor-top-column elementor-element elementor-element-90eed77\" data-id=\"90eed77\" data-element_type=\"column\">\n\t\t\t<div class=\"elementor-widget-wrap elementor-element-populated\">\n\t\t\t\t\t\t<div class=\"elementor-element elementor-element-e7126d6 elementor-align-right elementor-absolute elementor-widget elementor-widget-button\" data-id=\"e7126d6\" data-element_type=\"widget\" data-settings=\"{&quot;_position&quot;:&quot;absolute&quot;}\" data-widget_type=\"button.default\">\n\t\t\t\t<div class=\"elementor-widget-container\">\n\t\t\t\t\t<div class=\"elementor-button-wrapper\">\n\t\t\t<a class=\"elementor-button elementor-button-link elementor-size-md\" href=\"https:\/\/www.bombowls.com.br\/site\/seja-um-franqueado\/\">\n\t\t\t\t\t\t<span class=\"elementor-button-content-wrapper\">\n\t\t\t\t\t\t\t\t\t<span class=\"elementor-button-text\">Seja um franqueado<\/span>\n\t\t\t\t\t<\/span>\n\t\t\t\t\t<\/a>\n\t\t<\/div>\n\t\t\t\t<\/div>\n\t\t\t\t<\/div>\n\t\t\t\t\t<\/div>\n\t\t<\/div>\n\t\t\t\t\t<\/div>\n\t\t<\/section>\n\t\t\t\t<section class=\"elementor-section elementor-top-section elementor-element elementor-element-651387c elementor-section-boxed elementor-section-height-default elementor-section-height-default\" data-id=\"651387c\" data-element_type=\"section\" data-settings=\"{&quot;background_background&quot;:&quot;classic&quot;}\">\n\t\t\t\t\t\t<div class=\"elementor-container elementor-column-gap-default\">\n\t\t\t\t\t<div class=\"elementor-column elementor-col-50 elementor-top-column elementor-element elementor-element-ed27a33\" data-id=\"ed27a33\" data-element_type=\"column\">\n\t\t\t<div class=\"elementor-widget-wrap elementor-element-populated\">\n\t\t\t\t\t\t<div class=\"elementor-element elementor-element-ae0264e elementor-widget elementor-widget-image\" data-id=\"ae0264e\" data-element_type=\"widget\" data-widget_type=\"image.default\">\n\t\t\t\t<div class=\"elementor-widget-container\">\n\t\t\t\t\t\t\t\t\t\t\t\t\t<img fetchpriority=\"high\" decoding=\"async\" width=\"580\" height=\"226\" src=\"https:\/\/www.bombowls.com.br\/site\/wp-content\/uploads\/2023\/12\/bbbgg-1024x399.jpg\" class=\"attachment-large size-large wp-image-674\" alt=\"\" srcset=\"https:\/\/www.bombowls.com.br\/site\/wp-content\/uploads\/2023\/12\/bbbgg-1024x399.jpg 1024w, https:\/\/www.bombowls.com.br\/site\/wp-content\/uploads\/2023\/12\/bbbgg-300x117.jpg 300w, https:\/\/www.bombowls.com.br\/site\/wp-content\/uploads\/2023\/12\/bbbgg-768x299.jpg 768w, https:\/\/www.bombowls.com.br\/site\/wp-content\/uploads\/2023\/12\/bbbgg-1200x467.jpg 1200w, https:\/\/www.bombowls.com.br\/site\/wp-content\/uploads\/2023\/12\/bbbgg.jpg 1304w\" sizes=\"(max-width: 580px) 100vw, 580px\" \/>\t\t\t\t\t\t\t\t\t\t\t\t\t<\/div>\n\t\t\t\t<\/div>\n\t\t\t\t\t<\/div>\n\t\t<\/div>\n\t\t\t\t<div class=\"elementor-column elementor-col-50 elementor-top-column elementor-element elementor-element-e7d879b\" data-id=\"e7d879b\" data-element_type=\"column\">\n\t\t\t<div class=\"elementor-widget-wrap elementor-element-populated\">\n\t\t\t\t\t\t<div class=\"elementor-element elementor-element-d230734 elementor-align-left elementor-widget elementor-widget-button\" data-id=\"d230734\" data-element_type=\"widget\" data-widget_type=\"button.default\">\n\t\t\t\t<div class=\"elementor-widget-container\">\n\t\t\t\t\t<div class=\"elementor-button-wrapper\">\n\t\t\t<a class=\"elementor-button elementor-button-link elementor-size-sm\" href=\"http:\/\/pedir.to\/bombowls\">\n\t\t\t\t\t\t<span class=\"elementor-button-content-wrapper\">\n\t\t\t\t\t\t<span class=\"elementor-button-icon\">\n\t\t\t\t<i aria-hidden=\"true\" class=\"fas fa-motorcycle\"><\/i>\t\t\t<\/span>\n\t\t\t\t\t\t\t\t\t<span class=\"elementor-button-text\">PE\u00c7A ONLINE<\/span>\n\t\t\t\t\t<\/span>\n\t\t\t\t\t<\/a>\n\t\t<\/div>\n\t\t\t\t<\/div>\n\t\t\t\t<\/div>\n\t\t\t\t<div class=\"elementor-element elementor-element-2e92c4c elementor-widget elementor-widget-text-editor\" data-id=\"2e92c4c\" data-element_type=\"widget\" data-widget_type=\"text-editor.default\">\n\t\t\t\t<div class=\"elementor-widget-container\">\n\t\t\t\t\t\t\t<h5><span style=\"letter-spacing: -0.27px; font-family: var( --e-global-typography-text-font-family ), Sans-serif; font-weight: var( --e-global-typography-text-font-weight ); font-size: 1.8rem;\">N\u00f3s somos a rede de alimenta\u00e7\u00e3o que mais arranca sorrisos no Brasil, vem sorrir com a gente.<br \/><br \/><\/span>A miss\u00e3o da Bom Bowls \u00e9 tornar pr\u00e1ticas saud\u00e1veis um h\u00e1bito leve e divertido.<\/h5>\t\t\t\t\t\t<\/div>\n\t\t\t\t<\/div>\n\t\t\t\t\t<\/div>\n\t\t<\/div>\n\t\t\t\t\t<\/div>\n\t\t<\/section>\n\t\t\t\t<section class=\"elementor-section elementor-top-section elementor-element elementor-element-7a22bfd elementor-section-boxed elementor-section-height-default elementor-section-height-default\" data-id=\"7a22bfd\" data-element_type=\"section\">\n\t\t\t\t\t\t<div class=\"elementor-container elementor-column-gap-default\">\n\t\t\t\t\t<div class=\"elementor-column elementor-col-100 elementor-top-column elementor-element elementor-element-576be0d\" data-id=\"576be0d\" data-element_type=\"column\">\n\t\t\t<div class=\"elementor-widget-wrap elementor-element-populated\">\n\t\t\t\t\t\t<div class=\"elementor-element elementor-element-3886714 elementor-widget elementor-widget-image\" data-id=\"3886714\" data-element_type=\"widget\" data-widget_type=\"image.default\">\n\t\t\t\t<div class=\"elementor-widget-container\">\n\t\t\t\t\t\t\t\t\t\t\t\t\t<img decoding=\"async\" width=\"3814\" height=\"889\" src=\"https:\/\/www.bombowls.com.br\/site\/wp-content\/uploads\/2023\/12\/bichinhos.png\" class=\"attachment-full size-full wp-image-680\" alt=\"\" srcset=\"https:\/\/www.bombowls.com.br\/site\/wp-content\/uploads\/2023\/12\/bichinhos.png 3814w, https:\/\/www.bombowls.com.br\/site\/wp-content\/uploads\/2023\/12\/bichinhos-300x70.png 300w, https:\/\/www.bombowls.com.br\/site\/wp-content\/uploads\/2023\/12\/bichinhos-1024x239.png 1024w, https:\/\/www.bombowls.com.br\/site\/wp-content\/uploads\/2023\/12\/bichinhos-768x179.png 768w, https:\/\/www.bombowls.com.br\/site\/wp-content\/uploads\/2023\/12\/bichinhos-1536x358.png 1536w, https:\/\/www.bombowls.com.br\/site\/wp-content\/uploads\/2023\/12\/bichinhos-2048x477.png 2048w, https:\/\/www.bombowls.com.br\/site\/wp-content\/uploads\/2023\/12\/bichinhos-1200x280.png 1200w, https:\/\/www.bombowls.com.br\/site\/wp-content\/uploads\/2023\/12\/bichinhos-1980x462.png 1980w\" sizes=\"(max-width: 3814px) 100vw, 3814px\" \/>\t\t\t\t\t\t\t\t\t\t\t\t\t<\/div>\n\t\t\t\t<\/div>\n\t\t\t\t\t<\/div>\n\t\t<\/div>\n\t\t\t\t\t<\/div>\n\t\t<\/section>\n\t\t\t\t<section class=\"elementor-section elementor-top-section elementor-element elementor-element-7e39055 elementor-section-boxed elementor-section-height-default elementor-section-height-default\" data-id=\"7e39055\" data-element_type=\"section\" data-settings=\"{&quot;background_background&quot;:&quot;classic&quot;}\">\n\t\t\t\t\t\t<div class=\"elementor-container elementor-column-gap-default\">\n\t\t\t\t\t<div class=\"elementor-column elementor-col-50 elementor-top-column elementor-element elementor-element-4a3e016\" data-id=\"4a3e016\" data-element_type=\"column\">\n\t\t\t<div class=\"elementor-widget-wrap elementor-element-populated\">\n\t\t\t\t\t\t<div class=\"elementor-element elementor-element-745c382 elementor-widget__width-initial elementor-widget elementor-widget-text-editor\" data-id=\"745c382\" data-element_type=\"widget\" data-widget_type=\"text-editor.default\">\n\t\t\t\t<div class=\"elementor-widget-container\">\n\t\t\t\t\t\t\t<h3>UNIDADES<\/h3><p><b>SANTO ANDR\u00c9 ( MATRIZ )<br \/><\/b>Rua Haddock Lobo, 341 \u2013 Vila Bastos<br \/>Santo Andr\u00e9, SP CEP 09040-340<br \/>whatsapp 11 2379-4221<br \/><span style=\"font-family: var( --e-global-typography-text-font-family ), Sans-serif; font-size: 1.8rem; letter-spacing: -0.27px; text-align: inherit;\"><span style=\"font-weight: bold; letter-spacing: 0.03125em; text-transform: uppercase;\">FUNCIONAMENTO<\/span><span style=\"letter-spacing: 0.5625px; text-transform: uppercase;\"><span style=\"font-weight: bold;\"><br \/><\/span><\/span><\/span><span style=\"font-family: var( --e-global-typography-text-font-family ), Sans-serif; font-size: inherit; font-weight: var( --e-global-typography-text-font-weight ); letter-spacing: -0.015em; text-align: inherit;\">segunda das 11:30 \u00e0s 21:00<\/span><br style=\"letter-spacing: -0.27px;\" \/><span style=\"font-family: var( --e-global-typography-text-font-family ), Sans-serif; font-size: inherit; font-weight: var( --e-global-typography-text-font-weight ); letter-spacing: -0.015em; text-align: inherit;\">ter\u00e7a \u00e0 s\u00e1bado das 11:30 \u00e0s 22:00<\/span><br \/><span style=\"font-size: 1.8rem; font-family: var( --e-global-typography-text-font-family ), Sans-serif;\"><br \/><span style=\"font-weight: bold; letter-spacing: 0.03125em; text-transform: uppercase;\">MOEMA<\/span><span style=\"letter-spacing: 0.5625px; text-transform: uppercase;\"><span style=\"font-weight: bold;\"><br \/><\/span><\/span><\/span><span style=\"letter-spacing: -0.27px; font-family: var( --e-global-typography-text-font-family ), Sans-serif; font-weight: var( --e-global-typography-text-font-weight );\">Av. Jandira, 549 \u2013 Moema<br \/><\/span><span style=\"font-family: var( --e-global-typography-text-font-family ), Sans-serif;\">S\u00e3o Paulo, SP CEP\u00a0<\/span>04080-003<br \/>whatsapp 11 5052-2186<br \/><span style=\"font-family: var( --e-global-typography-text-font-family ), Sans-serif; font-size: 1.8rem; text-align: inherit;\"><span style=\"font-weight: bold; letter-spacing: 0.03125em; text-transform: uppercase;\">FUNCIONAMENTO<\/span><span style=\"letter-spacing: 0.5625px; text-transform: uppercase;\"><span style=\"font-weight: bold;\"><br \/><\/span><\/span><\/span><span style=\"font-family: var( --e-global-typography-text-font-family ), Sans-serif; font-size: inherit; font-weight: var( --e-global-typography-text-font-weight ); letter-spacing: -0.015em; text-align: inherit;\">Segunda \u00e0 s\u00e1bado das 11:00 \u00e0s 22:00<\/span><\/p>\t\t\t\t\t\t<\/div>\n\t\t\t\t<\/div>\n\t\t\t\t\t<\/div>\n\t\t<\/div>\n\t\t\t\t<div class=\"elementor-column elementor-col-50 elementor-top-column elementor-element elementor-element-7aa6a48\" data-id=\"7aa6a48\" data-element_type=\"column\">\n\t\t\t<div class=\"elementor-widget-wrap elementor-element-populated\">\n\t\t\t\t\t\t<div class=\"elementor-element elementor-element-7ffd3e9 elementor-widget elementor-widget-text-editor\" data-id=\"7ffd3e9\" data-element_type=\"widget\" data-widget_type=\"text-editor.default\">\n\t\t\t\t<div class=\"elementor-widget-container\">\n\t\t\t\t\t\t\t<p>\u00a0<\/p><p>\u00a0<\/p><p style=\"font-size: 18px; text-align: left; letter-spacing: -0.27px;\"><span style=\"font-weight: bold;\">PERDIZES<br \/><\/span>Rua Piracuama, 439 &#8211; Perdizes<br \/>S\u00e3o Paulo, SP &#8211; CEP 05017-040<br \/>whatsapp 11 3875-0559<br \/><span style=\"font-family: var( --e-global-typography-text-font-family ), Sans-serif; font-size: 1.8rem; letter-spacing: -0.27px; text-align: inherit;\"><span style=\"font-weight: bold; letter-spacing: 0.03125em; text-transform: uppercase;\">FUNCIONAMENTO<\/span><span style=\"letter-spacing: 0.5625px; text-transform: uppercase;\"><span style=\"font-weight: bold;\"><br \/><\/span><\/span><\/span><span style=\"font-family: var( --e-global-typography-text-font-family ), Sans-serif; font-size: inherit; font-weight: var( --e-global-typography-text-font-weight ); letter-spacing: -0.015em; text-align: inherit;\">segunda \u00e0 s\u00e1bado 11:30 \u00e0s 21:30<\/span><\/p>\t\t\t\t\t\t<\/div>\n\t\t\t\t<\/div>\n\t\t\t\t\t<\/div>\n\t\t<\/div>\n\t\t\t\t\t<\/div>\n\t\t<\/section>\n\t\t\t\t<section class=\"elementor-section elementor-top-section elementor-element elementor-element-1b35fd7 elementor-section-full_width elementor-section-height-min-height elementor-section-items-top elementor-section-content-top elementor-section-height-default\" data-id=\"1b35fd7\" data-element_type=\"section\">\n\t\t\t\t\t\t<div class=\"elementor-container elementor-column-gap-no\">\n\t\t\t\t\t<div class=\"elementor-column elementor-col-100 elementor-top-column elementor-element elementor-element-fa5cef1\" data-id=\"fa5cef1\" data-element_type=\"column\">\n\t\t\t<div class=\"elementor-widget-wrap elementor-element-populated\">\n\t\t\t\t\t\t<div class=\"elementor-element elementor-element-b686600 elementor-widget elementor-widget-image\" data-id=\"b686600\" data-element_type=\"widget\" data-widget_type=\"image.default\">\n\t\t\t\t<div class=\"elementor-widget-container\">\n\t\t\t\t\t\t\t\t\t\t\t\t\t<img decoding=\"async\" width=\"1920\" height=\"450\" src=\"https:\/\/www.bombowls.com.br\/site\/wp-content\/uploads\/2022\/08\/bg_running-1.jpg\" class=\"attachment-full size-full wp-image-161\" alt=\"\" srcset=\"https:\/\/www.bombowls.com.br\/site\/wp-content\/uploads\/2022\/08\/bg_running-1.jpg 1920w, https:\/\/www.bombowls.com.br\/site\/wp-content\/uploads\/2022\/08\/bg_running-1-300x70.jpg 300w, https:\/\/www.bombowls.com.br\/site\/wp-content\/uploads\/2022\/08\/bg_running-1-1024x240.jpg 1024w, https:\/\/www.bombowls.com.br\/site\/wp-content\/uploads\/2022\/08\/bg_running-1-768x180.jpg 768w, https:\/\/www.bombowls.com.br\/site\/wp-content\/uploads\/2022\/08\/bg_running-1-1536x360.jpg 1536w, https:\/\/www.bombowls.com.br\/site\/wp-content\/uploads\/2022\/08\/bg_running-1-1200x281.jpg 1200w\" sizes=\"(max-width: 1920px) 100vw, 1920px\" \/>\t\t\t\t\t\t\t\t\t\t\t\t\t<\/div>\n\t\t\t\t<\/div>\n\t\t\t\t\t<\/div>\n\t\t<\/div>\n\t\t\t\t\t<\/div>\n\t\t<\/section>\n\t\t\t\t<section class=\"elementor-section elementor-top-section elementor-element elementor-element-36320f3 elementor-section-boxed elementor-section-height-default elementor-section-height-default\" data-id=\"36320f3\" data-element_type=\"section\">\n\t\t\t\t\t\t<div class=\"elementor-container elementor-column-gap-default\">\n\t\t\t\t\t<div class=\"elementor-column elementor-col-100 elementor-top-column elementor-element elementor-element-373d7ee center\" data-id=\"373d7ee\" data-element_type=\"column\">\n\t\t\t<div class=\"elementor-widget-wrap elementor-element-populated\">\n\t\t\t\t\t\t<div class=\"elementor-element elementor-element-c0a795e e-grid-align-mobile-center elementor-shape-rounded elementor-grid-0 e-grid-align-center elementor-widget elementor-widget-social-icons\" data-id=\"c0a795e\" data-element_type=\"widget\" data-widget_type=\"social-icons.default\">\n\t\t\t\t<div class=\"elementor-widget-container\">\n\t\t\t\t\t<div class=\"elementor-social-icons-wrapper elementor-grid\">\n\t\t\t\t\t\t\t<span class=\"elementor-grid-item\">\n\t\t\t\t\t<a class=\"elementor-icon elementor-social-icon elementor-social-icon-instagram elementor-repeater-item-aeb104f\" href=\"http:\/\/www.instagram.com\/bombowls_\" target=\"_blank\">\n\t\t\t\t\t\t<span class=\"elementor-screen-only\">Instagram<\/span>\n\t\t\t\t\t\t<i class=\"fab fa-instagram\"><\/i>\t\t\t\t\t<\/a>\n\t\t\t\t<\/span>\n\t\t\t\t\t\t\t<span class=\"elementor-grid-item\">\n\t\t\t\t\t<a class=\"elementor-icon elementor-social-icon elementor-social-icon-spotify elementor-repeater-item-0518cce\" href=\"https:\/\/open.spotify.com\/user\/hlx8bpdxszkdihgpyvwis3mp7\" target=\"_blank\">\n\t\t\t\t\t\t<span class=\"elementor-screen-only\">Spotify<\/span>\n\t\t\t\t\t\t<i class=\"fab fa-spotify\"><\/i>\t\t\t\t\t<\/a>\n\t\t\t\t<\/span>\n\t\t\t\t\t<\/div>\n\t\t\t\t<\/div>\n\t\t\t\t<\/div>\n\t\t\t\t\t<\/div>\n\t\t<\/div>\n\t\t\t\t\t<\/div>\n\t\t<\/section>\n\t\t\t\t<section class=\"elementor-section elementor-top-section elementor-element elementor-element-6ff82bf elementor-section-boxed elementor-section-height-default elementor-section-height-default\" data-id=\"6ff82bf\" data-element_type=\"section\">\n\t\t\t\t\t\t<div class=\"elementor-container elementor-column-gap-default\">\n\t\t\t\t\t<div class=\"elementor-column elementor-col-50 elementor-top-column elementor-element elementor-element-7ec3208\" data-id=\"7ec3208\" data-element_type=\"column\">\n\t\t\t<div class=\"elementor-widget-wrap elementor-element-populated\">\n\t\t\t\t\t\t<div class=\"elementor-element elementor-element-52d2425 elementor-position-top elementor-widget elementor-widget-image-box\" data-id=\"52d2425\" data-element_type=\"widget\" data-widget_type=\"image-box.default\">\n\t\t\t\t<div class=\"elementor-widget-container\">\n\t\t\t<div class=\"elementor-image-box-wrapper\"><figure class=\"elementor-image-box-img\"><img loading=\"lazy\" decoding=\"async\" width=\"900\" height=\"900\" src=\"https:\/\/www.bombowls.com.br\/site\/wp-content\/uploads\/2022\/08\/terra.jpg\" class=\"elementor-animation-float attachment-full size-full wp-image-129\" alt=\"\" srcset=\"https:\/\/www.bombowls.com.br\/site\/wp-content\/uploads\/2022\/08\/terra.jpg 900w, https:\/\/www.bombowls.com.br\/site\/wp-content\/uploads\/2022\/08\/terra-300x300.jpg 300w, https:\/\/www.bombowls.com.br\/site\/wp-content\/uploads\/2022\/08\/terra-150x150.jpg 150w, https:\/\/www.bombowls.com.br\/site\/wp-content\/uploads\/2022\/08\/terra-768x768.jpg 768w\" sizes=\"(max-width: 900px) 100vw, 900px\" \/><\/figure><div class=\"elementor-image-box-content\"><h1 class=\"elementor-image-box-title\">Ser saud\u00e1vel \u00e9 ser Sustent\u00e1vel<\/h1><p class=\"elementor-image-box-description\">em todas nossas a\u00e7\u00f5es, buscamos gerar o m\u00ednimo impacto ambiental poss\u00edvel para planeta.<\/p><\/div><\/div>\t\t<\/div>\n\t\t\t\t<\/div>\n\t\t\t\t\t<\/div>\n\t\t<\/div>\n\t\t\t\t<div class=\"elementor-column elementor-col-50 elementor-top-column elementor-element elementor-element-b955d63\" data-id=\"b955d63\" data-element_type=\"column\">\n\t\t\t<div class=\"elementor-widget-wrap elementor-element-populated\">\n\t\t\t\t\t\t<div class=\"elementor-element elementor-element-34b1fe4 elementor-position-top elementor-widget elementor-widget-image-box\" data-id=\"34b1fe4\" data-element_type=\"widget\" data-widget_type=\"image-box.default\">\n\t\t\t\t<div class=\"elementor-widget-container\">\n\t\t\t<div class=\"elementor-image-box-wrapper\"><figure class=\"elementor-image-box-img\"><img loading=\"lazy\" decoding=\"async\" width=\"900\" height=\"900\" src=\"https:\/\/www.bombowls.com.br\/site\/wp-content\/uploads\/2022\/08\/petfriendly.jpg\" class=\"elementor-animation-grow-rotate attachment-full size-full wp-image-126\" alt=\"\" srcset=\"https:\/\/www.bombowls.com.br\/site\/wp-content\/uploads\/2022\/08\/petfriendly.jpg 900w, https:\/\/www.bombowls.com.br\/site\/wp-content\/uploads\/2022\/08\/petfriendly-300x300.jpg 300w, https:\/\/www.bombowls.com.br\/site\/wp-content\/uploads\/2022\/08\/petfriendly-150x150.jpg 150w, https:\/\/www.bombowls.com.br\/site\/wp-content\/uploads\/2022\/08\/petfriendly-768x768.jpg 768w\" sizes=\"(max-width: 900px) 100vw, 900px\" \/><\/figure><div class=\"elementor-image-box-content\"><h3 class=\"elementor-image-box-title\">\u00e9 pet friendly<\/h3><p class=\"elementor-image-box-description\">aqui seu melhor amigo \u00e9 recebido com \u00e0gua fresca e carinho.<\/p><\/div><\/div>\t\t<\/div>\n\t\t\t\t<\/div>\n\t\t\t\t\t<\/div>\n\t\t<\/div>\n\t\t\t\t\t<\/div>\n\t\t<\/section>\n\t\t\t\t<section class=\"elementor-section elementor-top-section elementor-element elementor-element-6f01859 elementor-section-content-top elementor-section-boxed elementor-section-height-default elementor-section-height-default\" data-id=\"6f01859\" data-element_type=\"section\">\n\t\t\t\t\t\t<div class=\"elementor-container elementor-column-gap-default\">\n\t\t\t\t\t<div class=\"elementor-column elementor-col-100 elementor-top-column elementor-element elementor-element-ac45051\" data-id=\"ac45051\" data-element_type=\"column\">\n\t\t\t<div class=\"elementor-widget-wrap elementor-element-populated\">\n\t\t\t\t\t\t<div class=\"elementor-element elementor-element-c035976 elementor-widget elementor-widget-image\" data-id=\"c035976\" data-element_type=\"widget\" data-widget_type=\"image.default\">\n\t\t\t\t<div class=\"elementor-widget-container\">\n\t\t\t\t\t\t\t\t\t\t\t\t\t<img loading=\"lazy\" decoding=\"async\" width=\"1080\" height=\"100\" src=\"https:\/\/www.bombowls.com.br\/site\/wp-content\/uploads\/2022\/08\/cartoes.png\" class=\"attachment-post-thumbnail size-post-thumbnail wp-image-78\" alt=\"\" srcset=\"https:\/\/www.bombowls.com.br\/site\/wp-content\/uploads\/2022\/08\/cartoes.png 1080w, https:\/\/www.bombowls.com.br\/site\/wp-content\/uploads\/2022\/08\/cartoes-300x28.png 300w, https:\/\/www.bombowls.com.br\/site\/wp-content\/uploads\/2022\/08\/cartoes-1024x95.png 1024w, https:\/\/www.bombowls.com.br\/site\/wp-content\/uploads\/2022\/08\/cartoes-768x71.png 768w\" sizes=\"(max-width: 1080px) 100vw, 1080px\" \/>\t\t\t\t\t\t\t\t\t\t\t\t\t<\/div>\n\t\t\t\t<\/div>\n\t\t\t\t\t<\/div>\n\t\t<\/div>\n\t\t\t\t\t<\/div>\n\t\t<\/section>\n\t\t\t\t<\/div>\n\t\t","protected":false},"excerpt":{"rendered":"<p>Seja um franqueado PE\u00c7A ONLINE N\u00f3s somos a rede de alimenta\u00e7\u00e3o que mais arranca sorrisos no Brasil, vem sorrir com a gente. A miss\u00e3o da Bom Bowls \u00e9 tornar pr\u00e1ticas saud\u00e1veis um h\u00e1bito leve e divertido. UNIDADES SANTO ANDR\u00c9 ( MATRIZ )Rua Haddock Lobo, 341 \u2013 Vila BastosSanto Andr\u00e9, SP CEP 09040-340whatsapp 11 2379-4221FUNCIONAMENTOsegunda das [&hellip;]<\/p>\n","protected":false},"author":2,"featured_media":0,"parent":0,"menu_order":0,"comment_status":"closed","ping_status":"closed","template":"elementor_header_footer","meta":{"footnotes":""},"class_list":["post-61","page","type-page","status-publish","hentry"],"_links":{"self":[{"href":"https:\/\/www.bombowls.com.br\/site\/wp-json\/wp\/v2\/pages\/61","targetHints":{"allow":["GET"]}}],"collection":[{"href":"https:\/\/www.bombowls.com.br\/site\/wp-json\/wp\/v2\/pages"}],"about":[{"href":"https:\/\/www.bombowls.com.br\/site\/wp-json\/wp\/v2\/types\/page"}],"author":[{"embeddable":true,"href":"https:\/\/www.bombowls.com.br\/site\/wp-json\/wp\/v2\/users\/2"}],"replies":[{"embeddable":true,"href":"https:\/\/www.bombowls.com.br\/site\/wp-json\/wp\/v2\/comments?post=61"}],"version-history":[{"count":11,"href":"https:\/\/www.bombowls.com.br\/site\/wp-json\/wp\/v2\/pages\/61\/revisions"}],"predecessor-version":[{"id":701,"href":"https:\/\/www.bombowls.com.br\/site\/wp-json\/wp\/v2\/pages\/61\/revisions\/701"}],"wp:attachment":[{"href":"https:\/\/www.bombowls.com.br\/site\/wp-json\/wp\/v2\/media?parent=61"}],"curies":[{"name":"wp","href":"https:\/\/api.w.org\/{rel}","templated":true}]}}